{"id":10832,"date":"2019-01-22T15:04:43","date_gmt":"2019-01-22T15:04:43","guid":{"rendered":"https:\/\/www.carolustrees.com\/product\/red-jonaprince-wiltons-2\/"},"modified":"2019-01-22T15:04:43","modified_gmt":"2019-01-22T15:04:43","slug":"red-jonaprince-wiltons-2","status":"publish","type":"product","link":"https:\/\/www.carolustrees.com\/fr\/produit\/red-jonaprince-wiltons-2\/","title":{"rendered":"Red Jonaprince Wilton&rsquo;s\u00ae"},"content":{"rendered":"","protected":false},"excerpt":{"rendered":"<p>Mutant rouge de Jonagold d\u00e9couvert par les fr\u00e8res Princen de Weert (P-B). Rouge fonc\u00e9 non stri\u00e9, gros calibre de fruit. Tr\u00e8s bonne dur\u00e9e de conservation avec une bonne dur\u00e9e de conservation en magasin. Cueillette apr\u00e8s la Conf\u00e9rence, deuxi\u00e8me semaine de septembre.<\/p>\n","protected":false},"featured_media":7756,"comment_status":"closed","ping_status":"open","template":"","meta":{"_monsterinsights_skip_tracking":false,"_monsterinsights_sitenote_active":false,"_monsterinsights_sitenote_note":"","_monsterinsights_sitenote_category":0},"product_cat":[372],"product_tag":[],"class_list":{"0":"post-10832","1":"product","2":"type-product","3":"status-publish","4":"has-post-thumbnail","6":"product_cat-varietes-de-pommes","7":"pa_bestuivers-asfari-braeburn-delcorf-golden-gem-granny-smith-hillieri-idared-pinova-rubens-wellant-zari","8":"pa_boom-type-9-mois-scion-intergreffe-magnum","9":"pa_exclusief-van-carolus-non","10":"pa_onderstam-autre-porte-greffe-disponible-sur-demande-m9","12":"first","13":"instock","14":"product-type-simple"},"_links":{"self":[{"href":"https:\/\/www.carolustrees.com\/fr\/wp-json\/wp\/v2\/product\/10832","targetHints":{"allow":["GET"]}}],"collection":[{"href":"https:\/\/www.carolustrees.com\/fr\/wp-json\/wp\/v2\/product"}],"about":[{"href":"https:\/\/www.carolustrees.com\/fr\/wp-json\/wp\/v2\/types\/product"}],"replies":[{"embeddable":true,"href":"https:\/\/www.carolustrees.com\/fr\/wp-json\/wp\/v2\/comments?post=10832"}],"wp:featuredmedia":[{"embeddable":true,"href":"https:\/\/www.carolustrees.com\/fr\/wp-json\/wp\/v2\/media\/7756"}],"wp:attachment":[{"href":"https:\/\/www.carolustrees.com\/fr\/wp-json\/wp\/v2\/media?parent=10832"}],"wp:term":[{"taxonomy":"product_cat","embeddable":true,"href":"https:\/\/www.carolustrees.com\/fr\/wp-json\/wp\/v2\/product_cat?post=10832"},{"taxonomy":"product_tag","embeddable":true,"href":"https:\/\/www.carolustrees.com\/fr\/wp-json\/wp\/v2\/product_tag?post=10832"}],"curies":[{"name":"wp","href":"https:\/\/api.w.org\/{rel}","templated":true}]}}