{"id":11023,"date":"2019-01-22T15:12:53","date_gmt":"2019-01-22T15:12:53","guid":{"rendered":"https:\/\/www.carolustrees.com\/product\/roho-3615s-2\/"},"modified":"2019-02-06T14:56:01","modified_gmt":"2019-02-06T14:56:01","slug":"roho-3615s-2","status":"publish","type":"product","link":"https:\/\/www.carolustrees.com\/de\/produkt\/roho-3615s-2\/","title":{"rendered":"RoHo 3615(S)"},"content":{"rendered":"","protected":false},"excerpt":{"rendered":"<p>Pinova-Mutant, entdeckt im Obstbetrieb Pflanzen Hofmann in Langensendelbach (Deutschland). Fr\u00fche F\u00e4rbung, orange bis rot gef\u00e4rbt, hoher Anteil gut gef\u00e4rbter Fr\u00fcchte. Mittlere bis gro\u00dfe zylinderf\u00f6rmige Fr\u00fcchte. Angenehm s\u00fc\u00dfsauer mit kr\u00e4ftigem Aroma. Pfl\u00fcckzeit nach Golden Delicious, Ende September.<\/p>\n","protected":false},"featured_media":7766,"comment_status":"closed","ping_status":"closed","template":"","meta":{"_monsterinsights_skip_tracking":false,"_monsterinsights_sitenote_active":false,"_monsterinsights_sitenote_note":"","_monsterinsights_sitenote_category":0},"product_cat":[374],"product_tag":[],"class_list":{"0":"post-11023","1":"product","2":"type-product","3":"status-publish","4":"has-post-thumbnail","6":"product_cat-appel-de","7":"pa_bestuivers-aroma-de","8":"pa_bestuivers-asfari-de","9":"pa_bestuivers-b3f-33-1-77-de","10":"pa_bestuivers-braeburn-de","11":"pa_bestuivers-dabinett-de","12":"pa_bestuivers-delcorf-de","13":"pa_bestuivers-early-geneva-de","14":"pa_bestuivers-elstar-de","15":"pa_bestuivers-empire-de","16":"pa_bestuivers-frida-de","17":"pa_bestuivers-fuji-de","18":"pa_bestuivers-gala-de","19":"pa_bestuivers-golden-delicious-de","20":"pa_bestuivers-golden-gem-de","21":"pa_bestuivers-golden-hornet-de","22":"pa_bestuivers-granny-smith-de","23":"pa_bestuivers-greenstar-de","24":"pa_bestuivers-hillieri-de","25":"pa_bestuivers-ingrid-marie-de","26":"pa_bestuivers-joly-red-de","27":"pa_bestuivers-kanzinicoter-de","28":"pa_bestuivers-lobo-de","29":"pa_bestuivers-melrose-de","30":"pa_bestuivers-michelin-de","31":"pa_bestuivers-red-delicious-de","32":"pa_bestuivers-wellant-de","33":"pa_boom-type-knip-zwischenveredelter-baum","34":"pa_exclusief-van-carolus-nein","35":"pa_onderstam-anderer-unterstamm-auf-anfrage-erhaeltlich-m9","37":"first","38":"instock","39":"product-type-simple"},"_links":{"self":[{"href":"https:\/\/www.carolustrees.com\/de\/wp-json\/wp\/v2\/product\/11023","targetHints":{"allow":["GET"]}}],"collection":[{"href":"https:\/\/www.carolustrees.com\/de\/wp-json\/wp\/v2\/product"}],"about":[{"href":"https:\/\/www.carolustrees.com\/de\/wp-json\/wp\/v2\/types\/product"}],"replies":[{"embeddable":true,"href":"https:\/\/www.carolustrees.com\/de\/wp-json\/wp\/v2\/comments?post=11023"}],"wp:featuredmedia":[{"embeddable":true,"href":"https:\/\/www.carolustrees.com\/de\/wp-json\/wp\/v2\/media\/7766"}],"wp:attachment":[{"href":"https:\/\/www.carolustrees.com\/de\/wp-json\/wp\/v2\/media?parent=11023"}],"wp:term":[{"taxonomy":"product_cat","embeddable":true,"href":"https:\/\/www.carolustrees.com\/de\/wp-json\/wp\/v2\/product_cat?post=11023"},{"taxonomy":"product_tag","embeddable":true,"href":"https:\/\/www.carolustrees.com\/de\/wp-json\/wp\/v2\/product_tag?post=11023"}],"curies":[{"name":"wp","href":"https:\/\/api.w.org\/{rel}","templated":true}]}}